{"id":32,"date":"2025-02-09T22:42:08","date_gmt":"2025-02-09T22:42:08","guid":{"rendered":"http:\/\/www.avmuratbelen.com\/?page_id=32"},"modified":"2025-02-12T10:52:38","modified_gmt":"2025-02-12T10:52:38","slug":"yazi-2","status":"publish","type":"page","link":"http:\/\/www.avmuratbelen.com\/index.php\/yazi-2\/","title":{"rendered":"Hakk\u0131m\u0131zda"},"content":{"rendered":"\n<p class=\"has-text-align-left\">Avukat Murat Belen, 2023 y\u0131l\u0131nda Marmara \u00dcniversitesi Hukuk Fak\u00fcltesi&#8217;nden mezun olmu\u015ftur. 2024 y\u0131l\u0131ndan itibaren \u0130stanbul Barosu&#8217;na ba\u011fl\u0131 olarak avukatl\u0131k yapmaktad\u0131r.<\/p>\n\n\n\n<p><\/p>\n","protected":false},"excerpt":{"rendered":"<p>Avukat Murat Belen, 2023 y\u0131l\u0131nda Marmara \u00dcniversitesi Hukuk Fak\u00fcltesi&#8217;nden mezun olmu\u015ftur. 2024 y\u0131l\u0131ndan itibaren \u0130stanbul Barosu&#8217;na ba\u011fl\u0131 olarak avukatl\u0131k yapmaktad\u0131r.<\/p>\n","protected":false},"author":1,"featured_media":0,"parent":0,"menu_order":3,"comment_status":"closed","ping_status":"closed","template":"","meta":{"footnotes":""},"class_list":["post-32","page","type-page","status-publish","hentry"],"rttpg_featured_image_url":null,"rttpg_author":{"display_name":"admin","author_link":"http:\/\/www.avmuratbelen.com\/index.php\/author\/admin\/"},"rttpg_comment":0,"rttpg_category":null,"rttpg_excerpt":"Avukat Murat Belen, 2023 y\u0131l\u0131nda Marmara \u00dcniversitesi Hukuk Fak\u00fcltesi&#8217;nden mezun olmu\u015ftur. 2024 y\u0131l\u0131ndan itibaren \u0130stanbul Barosu&#8217;na ba\u011fl\u0131 olarak avukatl\u0131k yapmaktad\u0131r.","_links":{"self":[{"href":"http:\/\/www.avmuratbelen.com\/index.php\/wp-json\/wp\/v2\/pages\/32","targetHints":{"allow":["GET"]}}],"collection":[{"href":"http:\/\/www.avmuratbelen.com\/index.php\/wp-json\/wp\/v2\/pages"}],"about":[{"href":"http:\/\/www.avmuratbelen.com\/index.php\/wp-json\/wp\/v2\/types\/page"}],"author":[{"embeddable":true,"href":"http:\/\/www.avmuratbelen.com\/index.php\/wp-json\/wp\/v2\/users\/1"}],"replies":[{"embeddable":true,"href":"http:\/\/www.avmuratbelen.com\/index.php\/wp-json\/wp\/v2\/comments?post=32"}],"version-history":[{"count":4,"href":"http:\/\/www.avmuratbelen.com\/index.php\/wp-json\/wp\/v2\/pages\/32\/revisions"}],"predecessor-version":[{"id":118,"href":"http:\/\/www.avmuratbelen.com\/index.php\/wp-json\/wp\/v2\/pages\/32\/revisions\/118"}],"wp:attachment":[{"href":"http:\/\/www.avmuratbelen.com\/index.php\/wp-json\/wp\/v2\/media?parent=32"}],"curies":[{"name":"wp","href":"https:\/\/api.w.org\/{rel}","templated":true}]}}