{"id":29,"date":"2025-02-09T22:41:25","date_gmt":"2025-02-09T22:41:25","guid":{"rendered":"http:\/\/www.avmuratbelen.com\/?page_id=29"},"modified":"2025-02-20T23:37:18","modified_gmt":"2025-02-20T23:37:18","slug":"yazi-1","status":"publish","type":"page","link":"http:\/\/www.avmuratbelen.com\/index.php\/yazi-1\/","title":{"rendered":"Bize Ula\u015f\u0131n"},"content":{"rendered":"\n<p><strong>Telefon :<\/strong> +90 (542) 436 36 92<\/p>\n\n\n\n<p><strong>E-Mail :<\/strong> avmuratbelen@gmail.com<\/p>\n\n\n\n<p><strong>Adres :<\/strong> Cevizli Mah. Ulubey Sk. No: 4\/A Nursanlar-1 Plaza K: 8 D: 51 Kartal\/   \u0130stanbul<\/p>\n\n\n\n<p><\/p>\n\n\n\n<div class=\"wpcf7 no-js\" id=\"wpcf7-f124-o1\" lang=\"tr-TR\" dir=\"ltr\" data-wpcf7-id=\"124\">\n<div class=\"screen-reader-response\"><p role=\"status\" aria-live=\"polite\" aria-atomic=\"true\"><\/p> <ul><\/ul><\/div>\n<form action=\"\/index.php\/wp-json\/wp\/v2\/pages\/29#wpcf7-f124-o1\" method=\"post\" class=\"wpcf7-form init\" aria-label=\"\u0130leti\u015fim Formu\" novalidate=\"novalidate\" data-status=\"init\">\n<fieldset class=\"hidden-fields-container\"><input type=\"hidden\" name=\"_wpcf7\" value=\"124\" \/><input type=\"hidden\" name=\"_wpcf7_version\" value=\"6.1.5\" \/><input type=\"hidden\" name=\"_wpcf7_locale\" value=\"tr_TR\" \/><input type=\"hidden\" name=\"_wpcf7_unit_tag\" value=\"wpcf7-f124-o1\" \/><input type=\"hidden\" name=\"_wpcf7_container_post\" value=\"0\" \/><input type=\"hidden\" name=\"_wpcf7_posted_data_hash\" value=\"\" \/>\n<\/fieldset>\n<p><label> Ad\u0131n\u0131z (Gerekli)<br \/>\n<span class=\"wpcf7-form-control-wrap\" data-name=\"your-name\"><input size=\"40\" maxlength=\"400\" class=\"wpcf7-form-control wpcf7-text wpcf7-validates-as-required\" autocomplete=\"name\" aria-required=\"true\" aria-invalid=\"false\" value=\"\" type=\"text\" name=\"your-name\" \/><\/span> <\/label>\n<\/p>\n<p><label> E-posta adresiniz (Gerekli)<br \/>\n<span class=\"wpcf7-form-control-wrap\" data-name=\"your-email\"><input size=\"40\" maxlength=\"400\" class=\"wpcf7-form-control wpcf7-email wpcf7-validates-as-required wpcf7-text wpcf7-validates-as-email\" autocomplete=\"email\" aria-required=\"true\" aria-invalid=\"false\" value=\"\" type=\"email\" name=\"your-email\" \/><\/span> <\/label>\n<\/p>\n<p><label> Konu (Gerekli)<br \/>\n<span class=\"wpcf7-form-control-wrap\" data-name=\"your-subject\"><input size=\"40\" maxlength=\"400\" class=\"wpcf7-form-control wpcf7-text wpcf7-validates-as-required\" aria-required=\"true\" aria-invalid=\"false\" value=\"\" type=\"text\" name=\"your-subject\" \/><\/span> <\/label>\n<\/p>\n<p><label> Mesaj\u0131n\u0131z (tercihe ba\u011fl\u0131)<br \/>\n<span class=\"wpcf7-form-control-wrap\" data-name=\"your-message\"><textarea cols=\"40\" rows=\"10\" maxlength=\"2000\" class=\"wpcf7-form-control wpcf7-textarea\" aria-invalid=\"false\" name=\"your-message\"><\/textarea><\/span> <\/label>\n<\/p>\n<p><input class=\"wpcf7-form-control wpcf7-submit has-spinner\" type=\"submit\" value=\"G\u00f6nder\" \/>\n<\/p><div class=\"wpcf7-response-output\" aria-hidden=\"true\"><\/div>\n<\/form>\n<\/div>\n\n","protected":false},"excerpt":{"rendered":"<p>Telefon : +90 (542) 436 36 92 E-Mail : avmuratbelen@gmail.com Adres : Cevizli Mah. Ulubey Sk. No: 4\/A Nursanlar-1 Plaza K: 8 D: 51 Kartal\/ \u0130stanbul<\/p>\n","protected":false},"author":1,"featured_media":62,"parent":0,"menu_order":1,"comment_status":"closed","ping_status":"closed","template":"","meta":{"footnotes":""},"class_list":["post-29","page","type-page","status-publish","has-post-thumbnail","hentry"],"rttpg_featured_image_url":{"full":["http:\/\/www.avmuratbelen.com\/wp-content\/uploads\/2025\/02\/Kartvizit-sag-yuz-5.jpg",728,476,false],"landscape":["http:\/\/www.avmuratbelen.com\/wp-content\/uploads\/2025\/02\/Kartvizit-sag-yuz-5.jpg",728,476,false],"portraits":["http:\/\/www.avmuratbelen.com\/wp-content\/uploads\/2025\/02\/Kartvizit-sag-yuz-5.jpg",728,476,false],"thumbnail":["http:\/\/www.avmuratbelen.com\/wp-content\/uploads\/2025\/02\/Kartvizit-sag-yuz-5-150x150.jpg",150,150,true],"medium":["http:\/\/www.avmuratbelen.com\/wp-content\/uploads\/2025\/02\/Kartvizit-sag-yuz-5-300x196.jpg",300,196,true],"large":["http:\/\/www.avmuratbelen.com\/wp-content\/uploads\/2025\/02\/Kartvizit-sag-yuz-5.jpg",728,476,false],"1536x1536":["http:\/\/www.avmuratbelen.com\/wp-content\/uploads\/2025\/02\/Kartvizit-sag-yuz-5.jpg",728,476,false],"2048x2048":["http:\/\/www.avmuratbelen.com\/wp-content\/uploads\/2025\/02\/Kartvizit-sag-yuz-5.jpg",728,476,false]},"rttpg_author":{"display_name":"admin","author_link":"http:\/\/www.avmuratbelen.com\/index.php\/author\/admin\/"},"rttpg_comment":0,"rttpg_category":null,"rttpg_excerpt":"Telefon : +90 (542) 436 36 92 E-Mail : avmuratbelen@gmail.com Adres : Cevizli Mah. Ulubey Sk. No: 4\/A Nursanlar-1 Plaza K: 8 D: 51 Kartal\/ \u0130stanbul","_links":{"self":[{"href":"http:\/\/www.avmuratbelen.com\/index.php\/wp-json\/wp\/v2\/pages\/29","targetHints":{"allow":["GET"]}}],"collection":[{"href":"http:\/\/www.avmuratbelen.com\/index.php\/wp-json\/wp\/v2\/pages"}],"about":[{"href":"http:\/\/www.avmuratbelen.com\/index.php\/wp-json\/wp\/v2\/types\/page"}],"author":[{"embeddable":true,"href":"http:\/\/www.avmuratbelen.com\/index.php\/wp-json\/wp\/v2\/users\/1"}],"replies":[{"embeddable":true,"href":"http:\/\/www.avmuratbelen.com\/index.php\/wp-json\/wp\/v2\/comments?post=29"}],"version-history":[{"count":8,"href":"http:\/\/www.avmuratbelen.com\/index.php\/wp-json\/wp\/v2\/pages\/29\/revisions"}],"predecessor-version":[{"id":125,"href":"http:\/\/www.avmuratbelen.com\/index.php\/wp-json\/wp\/v2\/pages\/29\/revisions\/125"}],"wp:featuredmedia":[{"embeddable":true,"href":"http:\/\/www.avmuratbelen.com\/index.php\/wp-json\/wp\/v2\/media\/62"}],"wp:attachment":[{"href":"http:\/\/www.avmuratbelen.com\/index.php\/wp-json\/wp\/v2\/media?parent=29"}],"curies":[{"name":"wp","href":"https:\/\/api.w.org\/{rel}","templated":true}]}}